{"id":110,"date":"2019-11-26T12:22:54","date_gmt":"2019-11-26T12:22:54","guid":{"rendered":"https:\/\/demosites.io\/blogger-gb\/?page_id=5"},"modified":"2021-08-07T15:06:50","modified_gmt":"2021-08-07T15:06:50","slug":"grow-your-digital-sales","status":"publish","type":"page","link":"https:\/\/hugheymedia.com\/fr\/","title":{"rendered":"Domicile"},"content":{"rendered":"<div class=\"wp-block-themeisle-blocks-advanced-columns has-2-columns has-desktop-equal-layout has-tablet-equal-layout has-mobile-twoOne-layout has-nogap-gap has-vertical-unset\" id=\"wp-block-themeisle-blocks-advanced-columns-e5e06ebd\"><div class=\"wp-block-themeisle-blocks-advanced-columns-overlay\"><\/div><div class=\"innerblocks-wrap\">\n<div class=\"wp-block-themeisle-blocks-advanced-column ticss-262bb66b\" id=\"wp-block-themeisle-blocks-advanced-column-faefdc1c\"><\/div>\n\n\n\n<div class=\"wp-block-themeisle-blocks-advanced-column\" id=\"wp-block-themeisle-blocks-advanced-column-101a17aa\">\n<h1 class=\"has-text-align-left ticss-323b0dc0 has-nv-text-dark-bg-color has-text-color wp-block-heading\">Faites passer votre entreprise au niveau sup\u00e9rieur <\/h1>\n\n\n\n<p id=\"wp-block-themeisle-blocks-advanced-heading-cb8c227d\" class=\"wp-block-themeisle-blocks-advanced-heading wp-block-themeisle-blocks-advanced-heading-cb8c227d\"><strong>1,66 milliard de personnes ach\u00e8tent en ligne.<\/strong><br>81% RECHERCHE EN LIGNE AVANT D'ACHETER PHYSIQUEMENT.<br><strong>Nous connectons votre entreprise \u00e0 CE VASTE POOL DE CLIENTS POTENTIELS.<\/strong><\/p>\n\n\n\n<div class=\"wp-block-buttons is-layout-flex wp-block-buttons-is-layout-flex\">\n<div class=\"wp-block-button has-custom-width wp-block-button__width-50 is-style-secondary\"><a class=\"wp-block-button__link has-nv-c-1-background-color has-background\" href=\"#contact-form\" style=\"border-radius:5px\" rel=\"\"><strong>Planifiez un appel avec nous pour commencer<\/strong><\/a><\/div>\n<\/div>\n<\/div>\n<\/div><\/div>\n\n\n\n<div class=\"wp-block-themeisle-blocks-advanced-columns alignfull has-2-columns has-desktop-equal-layout has-tablet-equal-layout has-mobile-collapsedRows-layout has-default-gap has-vertical-unset\" id=\"wp-block-themeisle-blocks-advanced-columns-6f11e740\"><div class=\"wp-block-themeisle-blocks-advanced-columns-overlay\"><\/div><div class=\"innerblocks-wrap\">\n<div class=\"wp-block-themeisle-blocks-advanced-column\" id=\"wp-block-themeisle-blocks-advanced-column-085d763a\">\n<h3 id=\"wp-block-themeisle-blocks-advanced-heading-4e96de44\" class=\"wp-block-themeisle-blocks-advanced-heading wp-block-themeisle-blocks-advanced-heading-4e96de44\">&quot;Il n&#039;y a pas si longtemps...<\/h3>\n\n\n\n<p class=\"has-text-align-center has-neve-link-color-color has-text-color\" style=\"font-size:18px\"><em>l'emplacement d'une entreprise limitait sa croissance et \u00e0 qui ses produits et services pouvaient \u00eatre vendus. Avec l'arriv\u00e9e d'Internet, cela a rapidement chang\u00e9.<\/em><\/p>\n\n\n\n<p class=\"has-text-align-center has-neve-link-color-color has-text-color\" style=\"font-size:18px\"><em>Si vous \u00eates propri\u00e9taire d&#039;une entreprise, vous devez penser \u00e0 votre entreprise, non seulement du point de vue de son emplacement physique, mais \u00e9galement du point de vue de l&#039;endroit et de la personne qui peut la consulter sur Internet.<\/em><\/p>\n\n\n\n<p class=\"has-text-align-center has-neve-link-color-color has-text-color\" style=\"font-size:18px\"><em>Une fois que vous avez cet \u00e9tat d&#039;esprit, nous vous garantissons que vous augmenterez vos ventes.<\/em>\u201c<\/p>\n\n\n\n<p class=\"has-text-align-center has-neve-link-color-color has-text-color\" style=\"font-size:14px\">-Notre fondateur, Sonny Hughey<\/p>\n<\/div>\n\n\n\n<div class=\"wp-block-themeisle-blocks-advanced-column\" id=\"wp-block-themeisle-blocks-advanced-column-07409a3d\">\n<div class=\"wp-block-cover aligncenter has-background-dim-10 has-neve-link-color-background-color has-background-dim\" style=\"min-height:519px;aspect-ratio:unset;\"><img data-recalc-dims=\"1\" decoding=\"async\" width=\"876\" height=\"1024\" loading=\"lazy\" class=\"wp-block-cover__image-background wp-image-123\" alt=\"\" src=\"https:\/\/i0.wp.com\/hugheymedia.com\/wp-content\/uploads\/2021\/06\/Sonny-Profile-Smart-Card-876x1024-1.jpg?resize=876%2C1024&#038;ssl=1\" style=\"object-position:54% 31%\" data-object-fit=\"cover\" data-object-position=\"54% 31%\" srcset=\"https:\/\/i0.wp.com\/hugheymedia.com\/wp-content\/uploads\/2021\/06\/Sonny-Profile-Smart-Card-876x1024-1.jpg?w=876&amp;ssl=1 876w, https:\/\/i0.wp.com\/hugheymedia.com\/wp-content\/uploads\/2021\/06\/Sonny-Profile-Smart-Card-876x1024-1.jpg?resize=257%2C300&amp;ssl=1 257w, https:\/\/i0.wp.com\/hugheymedia.com\/wp-content\/uploads\/2021\/06\/Sonny-Profile-Smart-Card-876x1024-1.jpg?resize=768%2C898&amp;ssl=1 768w\" sizes=\"auto, (max-width: 876px) 100vw, 876px\" \/><div class=\"wp-block-cover__inner-container is-layout-flow wp-block-cover-is-layout-flow\">\n<p class=\"has-large-font-size\"><\/p>\n<\/div><\/div>\n<\/div>\n<\/div><\/div>\n\n\n\n<h2 id=\"wp-block-themeisle-blocks-advanced-heading-43084edf\" class=\"wp-block-themeisle-blocks-advanced-heading wp-block-themeisle-blocks-advanced-heading-43084edf\">Notre Philosophie<\/h2>\n\n\n\n<div class=\"wp-block-themeisle-blocks-advanced-columns has-3-columns has-desktop-equal-layout has-tablet-equal-layout has-mobile-collapsedRows-layout has-default-gap has-vertical-unset\" id=\"wp-block-themeisle-blocks-advanced-columns-b320f813\"><div class=\"wp-block-themeisle-blocks-advanced-columns-overlay\"><\/div><div class=\"innerblocks-wrap\">\n<div class=\"wp-block-themeisle-blocks-advanced-column\" id=\"wp-block-themeisle-blocks-advanced-column-42182f0d\">\n<h3 class=\"has-text-align-center wp-block-heading\">Votre site Web devrait vous rapporter de l'argent pendant que vous dormez<\/h3>\n\n\n\n<p class=\"has-text-align-left\">Consid\u00e9rez votre site Web comme votre vendeur personnel 24h\/24 et 7j\/7. Nous nous assurons que tout ce qu'il y a sur votre site va convertir les visiteurs de prospects \u00e0 clients connect\u00e9s.<\/p>\n\n\n\n<div class=\"wp-block-buttons is-content-justification-center is-layout-flex wp-block-buttons-is-layout-flex\">\n<div class=\"wp-block-button has-custom-width wp-block-button__width-75 is-style-secondary\"><a class=\"wp-block-button__link has-neve-link-color-color has-nv-c-1-background-color has-text-color has-background\" href=\"#contact-form\" rel=\"\">Transformez votre site en une machine \u00e0 gagner de l&#039;argent<\/a><\/div>\n<\/div>\n<\/div>\n\n\n\n<div class=\"wp-block-themeisle-blocks-advanced-column\" id=\"wp-block-themeisle-blocks-advanced-column-cd359245\">\n<h3 class=\"has-text-align-center wp-block-heading\">Les analyses et les donn\u00e9es sont essentielles au succ\u00e8s<\/h3>\n\n\n\n<p>Savez-vous quelle est la page la plus visit\u00e9e de votre site Web? Connaissez-vous le taux de rebond de votre site? Co\u00fbt par conversion? Valeur \u00e0 vie du client? Avec une formation en ing\u00e9nierie, notre \u00e9quipe tire parti des chiffres pour vous aider \u00e0 prendre de meilleures d\u00e9cisions commerciales.<\/p>\n\n\n\n<div class=\"wp-block-buttons is-content-justification-center is-layout-flex wp-block-buttons-is-layout-flex\">\n<div class=\"wp-block-button has-custom-width wp-block-button__width-75 is-style-secondary\"><a class=\"wp-block-button__link has-neve-link-color-color has-nv-c-1-background-color has-text-color has-background\" href=\"#contact-form\" rel=\"\">Obtenez l'infrastructure de votre site appropri\u00e9e aujourd'hui<\/a><\/div>\n<\/div>\n<\/div>\n\n\n\n<div class=\"wp-block-themeisle-blocks-advanced-column\" id=\"wp-block-themeisle-blocks-advanced-column-9a9f49aa\">\n<h3 class=\"has-text-align-center wp-block-heading\">Grande ou petite entreprise, il y a de la place pour vous<\/h3>\n\n\n\n<p>Que vous soyez une boutique offrant des services en personne ou une grande entreprise Saas, Internet offre une formidable opportunit\u00e9 d&#039;attirer plus de clients et d&#039;augmenter les revenus de votre entreprise.<\/p>\n\n\n\n<div class=\"wp-block-buttons is-content-justification-center is-layout-flex wp-block-buttons-is-layout-flex\">\n<div class=\"wp-block-button has-custom-width wp-block-button__width-75 is-style-secondary\"><a class=\"wp-block-button__link has-neve-link-color-color has-nv-c-1-background-color has-text-color has-background\" href=\"#contact-form\" rel=\"\">Parlez-nous de votre soci\u00e9t\u00e9<\/a><\/div>\n<\/div>\n<\/div>\n<\/div><\/div>\n\n\n\n<div class=\"wp-block-themeisle-blocks-advanced-columns alignfull has-2-columns has-desktop-equal-layout has-tablet-equal-layout has-mobile-collapsedRows-layout has-default-gap has-vertical-center\" id=\"wp-block-themeisle-blocks-advanced-columns-5a83b79b\"><div class=\"wp-block-themeisle-blocks-advanced-columns-overlay\"><\/div><div class=\"innerblocks-wrap\">\n<div class=\"wp-block-themeisle-blocks-advanced-column ticss-48ef8f35\" id=\"wp-block-themeisle-blocks-advanced-column-02495679\">\n<h2 class=\"has-nv-text-dark-bg-color has-text-color wp-block-heading\" id=\"contact-form\">Discutons de la croissance de votre entreprise en ligne.<\/h2>\n\n\n\n<p id=\"\" class=\"wp-block-themeisle-blocks-advanced-heading\"><strong><strong>D\u00e9crivez ce pour quoi vous avez besoin d&#039;aide<\/strong>.  Connectons votre entreprise \u00e0 plus de clients<\/strong><\/p>\n\n\n<div class=\"wp-block-jetpack-contact-form ticss-a38c26dc is-layout-flex wp-container-jetpack-contact-form-is-layout-faa3ad1c wp-block-jetpack-contact-form-is-layout-flex\"><a href=\"https:\/\/hugheymedia.com\/fr\/\" target=\"_blank\" rel=\"noopener noreferrer\">Soumettre un formulaire.<\/a><\/div>\n\n\n<p class=\"has-text-align-center has-nv-text-dark-bg-color has-text-color\">Nous vous contacterons dans les 24 heures.<\/p>\n<\/div>\n\n\n\n<div class=\"wp-block-themeisle-blocks-advanced-column ticss-5418d6a3\" id=\"wp-block-themeisle-blocks-advanced-column-67e16009\">\n<div class=\"wp-block-image\"><figure class=\"aligncenter size-large\"><img data-recalc-dims=\"1\" decoding=\"async\" width=\"684\" height=\"1024\" loading=\"lazy\" src=\"https:\/\/i0.wp.com\/hugheymedia.com\/wp-content\/uploads\/2021\/07\/ryoji-iwata-n31JPLu8_Pw-unsplash.jpg?resize=684%2C1024&#038;ssl=1\" alt=\"Vos futurs clients\" class=\"wp-image-155\" srcset=\"https:\/\/i0.wp.com\/hugheymedia.com\/wp-content\/uploads\/2021\/07\/ryoji-iwata-n31JPLu8_Pw-unsplash.jpg?resize=684%2C1024&amp;ssl=1 684w, https:\/\/i0.wp.com\/hugheymedia.com\/wp-content\/uploads\/2021\/07\/ryoji-iwata-n31JPLu8_Pw-unsplash.jpg?resize=200%2C300&amp;ssl=1 200w, https:\/\/i0.wp.com\/hugheymedia.com\/wp-content\/uploads\/2021\/07\/ryoji-iwata-n31JPLu8_Pw-unsplash.jpg?resize=768%2C1150&amp;ssl=1 768w, https:\/\/i0.wp.com\/hugheymedia.com\/wp-content\/uploads\/2021\/07\/ryoji-iwata-n31JPLu8_Pw-unsplash.jpg?w=1709&amp;ssl=1 1709w\" sizes=\"auto, (max-width: 684px) 100vw, 684px\" \/><\/figure><\/div>\n<\/div>\n<\/div><\/div>\n\n\n\n<p><\/p>","protected":false},"excerpt":{"rendered":"","protected":false},"author":1,"featured_media":11,"parent":0,"menu_order":0,"comment_status":"closed","ping_status":"closed","template":"page-templates\/template-pagebuilder-full-width.php","meta":{"nf_dc_page":"","neve_meta_sidebar":"full-width","neve_meta_container":"","neve_meta_enable_content_width":"on","neve_meta_content_width":100,"neve_meta_title_alignment":"","neve_meta_author_avatar":"","neve_post_elements_order":"","neve_meta_disable_header":"off","neve_meta_disable_footer":"off","neve_meta_disable_title":"on","_themeisle_gutenberg_block_has_review":false,"footnotes":""},"class_list":["post-110","page","type-page","status-publish","has-post-thumbnail","hentry"],"jetpack_sharing_enabled":true,"_links":{"self":[{"href":"https:\/\/hugheymedia.com\/fr\/wp-json\/wp\/v2\/pages\/110","targetHints":{"allow":["GET"]}}],"collection":[{"href":"https:\/\/hugheymedia.com\/fr\/wp-json\/wp\/v2\/pages"}],"about":[{"href":"https:\/\/hugheymedia.com\/fr\/wp-json\/wp\/v2\/types\/page"}],"author":[{"embeddable":true,"href":"https:\/\/hugheymedia.com\/fr\/wp-json\/wp\/v2\/users\/1"}],"replies":[{"embeddable":true,"href":"https:\/\/hugheymedia.com\/fr\/wp-json\/wp\/v2\/comments?post=110"}],"version-history":[{"count":0,"href":"https:\/\/hugheymedia.com\/fr\/wp-json\/wp\/v2\/pages\/110\/revisions"}],"wp:featuredmedia":[{"embeddable":true,"href":"https:\/\/hugheymedia.com\/fr\/wp-json\/wp\/v2\/media\/11"}],"wp:attachment":[{"href":"https:\/\/hugheymedia.com\/fr\/wp-json\/wp\/v2\/media?parent=110"}],"curies":[{"name":"wp","href":"https:\/\/api.w.org\/{rel}","templated":true}]}}